{"id":474,"date":"2023-12-03T12:49:40","date_gmt":"2023-12-03T11:49:40","guid":{"rendered":"http:\/\/sigma-investition.de\/?page_id=474"},"modified":"2023-12-03T12:56:19","modified_gmt":"2023-12-03T11:56:19","slug":"datenschutz","status":"publish","type":"page","link":"http:\/\/sigma-investition.de\/?page_id=474","title":{"rendered":"Datenschutz"},"content":{"rendered":"\t\t<div data-elementor-type=\"wp-page\" data-elementor-id=\"474\" class=\"elementor elementor-474\">\n\t\t\t\t\t\t\t<div class=\"elementor-element elementor-element-0f9f880 e-flex e-con-boxed e-con e-parent\" data-id=\"0f9f880\" data-element_type=\"container\" data-settings=\"{&quot;content_width&quot;:&quot;boxed&quot;}\" data-core-v316-plus=\"true\">\n\t\t\t\t\t<div class=\"e-con-inner\">\n\t\t\t\t<div class=\"elementor-element elementor-element-d469a96 elementor-widget elementor-widget-heading\" data-id=\"d469a96\" data-element_type=\"widget\" data-settings=\"{&quot;_animation&quot;:&quot;none&quot;}\" data-widget_type=\"heading.default\">\n\t\t\t\t<div class=\"elementor-widget-container\">\n\t\t\t<style>\/*! elementor - v3.18.0 - 08-12-2023 *\/\n.elementor-heading-title{padding:0;margin:0;line-height:1}.elementor-widget-heading .elementor-heading-title[class*=elementor-size-]>a{color:inherit;font-size:inherit;line-height:inherit}.elementor-widget-heading .elementor-heading-title.elementor-size-small{font-size:15px}.elementor-widget-heading .elementor-heading-title.elementor-size-medium{font-size:19px}.elementor-widget-heading .elementor-heading-title.elementor-size-large{font-size:29px}.elementor-widget-heading .elementor-heading-title.elementor-size-xl{font-size:39px}.elementor-widget-heading .elementor-heading-title.elementor-size-xxl{font-size:59px}<\/style><h2 class=\"elementor-heading-title elementor-size-medium\">Datenschutz \/ Disclaimer<\/h2>\t\t<\/div>\n\t\t\t\t<\/div>\n\t\t\t\t<div class=\"elementor-element elementor-element-68e7ad0 elementor-widget elementor-widget-text-editor\" data-id=\"68e7ad0\" data-element_type=\"widget\" data-widget_type=\"text-editor.default\">\n\t\t\t\t<div class=\"elementor-widget-container\">\n\t\t\t<style>\/*! elementor - v3.18.0 - 08-12-2023 *\/\n.elementor-widget-text-editor.elementor-drop-cap-view-stacked .elementor-drop-cap{background-color:#69727d;color:#fff}.elementor-widget-text-editor.elementor-drop-cap-view-framed .elementor-drop-cap{color:#69727d;border:3px solid;background-color:transparent}.elementor-widget-text-editor:not(.elementor-drop-cap-view-default) .elementor-drop-cap{margin-top:8px}.elementor-widget-text-editor:not(.elementor-drop-cap-view-default) .elementor-drop-cap-letter{width:1em;height:1em}.elementor-widget-text-editor .elementor-drop-cap{float:left;text-align:center;line-height:1;font-size:50px}.elementor-widget-text-editor .elementor-drop-cap-letter{display:inline-block}<\/style>\t\t\t\t<div class=\"vc_row wpb_row vc_row-fluid vc_row\"><div class=\"wpb_column vc_column_container vc_col-sm-12 vc_column\"><div class=\"vc_column-inner\"><div class=\"wpb_wrapper\"><div class=\"wpb_text_column wpb_content_element  vc_column_text\"><div class=\"wpb_wrapper\"><h3>1. Inhalt des Onlineangebotes<\/h3><p>Der Autor \u00fcbernimmt keinerlei Gew\u00e4hr f\u00fcr die Aktualit\u00e4t, Korrektheit, Vollst\u00e4ndigkeit oder Qualit\u00e4t der bereitgestellten Informationen. Haftungsanspr\u00fcche gegen den Autor, welche sich auf Sch\u00e4den materieller oder ideeller Art beziehen, die durch die Nutzung oder Nichtnutzung der dargebotenen Informationen bzw. durch die Nutzung fehlerhafter und unvollst\u00e4ndiger Informationen verursacht wurden, sind grunds\u00e4tzlich ausgeschlossen, sofern seitens des Autors kein nachweislich vors\u00e4tzliches oder grob fahrl\u00e4ssiges Verschulden vorliegt. Alle Angebote sind freibleibend und unverbindlich. Der Autor beh\u00e4lt es sich ausdr\u00fccklich vor, Teile der Seiten oder das gesamte Angebot ohne gesonderte Ank\u00fcndigung zu ver\u00e4ndern, zu erg\u00e4nzen, zu l\u00f6schen oder die Ver\u00f6ffentlichung zeitweise oder endg\u00fcltig einzustellen.<\/p><h3>2. Verweise und Links<\/h3><p>Bei direkten oder indirekten Verweisen auf fremde Webseiten (\u201eHyperlinks\u201c), die au\u00dferhalb des Verantwortungsbereiches des Autors liegen, w\u00fcrde eine Haftungsverpflichtung ausschlie\u00dflich in dem Fall in Kraft treten, in dem der Autor von den Inhalten Kenntnis hat und es ihm technisch m\u00f6glich und zumutbar w\u00e4re, die Nutzung im Falle rechtswidriger Inhalte zu verhindern. Der Autor erkl\u00e4rt hiermit ausdr\u00fccklich, dass zum Zeitpunkt der Linksetzung keine illegalen Inhalte auf den zu verlinkenden Seiten erkennbar waren. Auf die aktuelle und zuk\u00fcnftige Gestaltung, die Inhalte oder die Urheberschaft der verlinkten\/verkn\u00fcpften Seiten hat der Autor keinerlei Einfluss. Deshalb distanziert er sich hiermit ausdr\u00fccklich von allen Inhalten aller verlinkten \/verkn\u00fcpften Seiten, die nach der Linksetzung ver\u00e4ndert wurden. Diese Feststellung gilt f\u00fcr alle innerhalb des eigenen Internetangebotes gesetzten Links und Verweise sowie f\u00fcr Fremdeintr\u00e4ge in vom Autor eingerichteten G\u00e4steb\u00fcchern, Diskussionsforen, Linkverzeichnissen, Mailinglisten und in allen anderen Formen von Datenbanken, auf deren Inhalt externe Schreibzugriffe m\u00f6glich sind. F\u00fcr illegale, fehlerhafte oder unvollst\u00e4ndige Inhalte und insbesondere f\u00fcr Sch\u00e4den, die aus der Nutzung oder Nichtnutzung solcherart dargebotener Informationen entstehen, haftet allein der Anbieter der Seite, auf welche verwiesen wurde, nicht derjenige, der \u00fcber Links auf die jeweilige Ver\u00f6ffentlichung lediglich verweist.<\/p><h3>3. Urheber- und Kennzeichenrecht<\/h3><p>Der Autor ist bestrebt, in allen Publikationen die Urheberrechte der verwendeten Grafiken, Tondokumente, Videosequenzen und Texte zu beachten, von ihm selbst erstellte Grafiken, Tondokumente, Videosequenzen und Texte zu nutzen oder auf lizenzfreie Grafiken, Tondokumente, Videosequenzen und Texte zur\u00fcckzugreifen. Alle innerhalb des Internetangebotes genannten und ggf. durch Dritte gesch\u00fctzten Marken- und Warenzeichen unterliegen uneingeschr\u00e4nkt den Bestimmungen des jeweils g\u00fcltigen Kennzeichenrechts und den Besitzrechten der jeweiligen eingetragenen Eigent\u00fcmer. Allein aufgrund der blo\u00dfen Nennung ist nicht der Schluss zu ziehen, dass Markenzeichen nicht durch Rechte Dritter gesch\u00fctzt sind! Das Copyright f\u00fcr ver\u00f6ffentlichte, vom Autor selbst erstellte Objekte bleibt allein beim Autor der Seiten. Eine Vervielf\u00e4ltigung oder Verwendung solcher Grafiken, Tondokumente, Videosequenzen und Texte in anderen elektronischen oder gedruckten Publikationen ist ohne ausdr\u00fcckliche Zustimmung des Autors nicht gestattet.<\/p><h3>4. Datenschutz<\/h3><p>Sofern innerhalb des Internetangebotes die M\u00f6glichkeit zur Eingabe pers\u00f6nlicher oder gesch\u00e4ftlicher Daten (Emailadressen, Namen, Anschriften) besteht, so erfolgt die Preisgabe dieser Daten seitens des Nutzers auf ausdr\u00fccklich freiwilliger Basis. Die Inanspruchnahme und Bezahlung aller angebotenen Dienste ist \u2013 soweit technisch m\u00f6glich und zumutbar \u2013 auch ohne Angabe solcher Daten bzw. unter Angabe anonymisierter Daten oder eines Pseudonyms gestattet. Die Nutzung der im Rahmen des Impressums oder vergleichbarer Angaben ver\u00f6ffentlichten Kontaktdaten wie Postanschriften, Telefon- und Faxnummern sowie Emailadressen durch Dritte zur \u00fcbersendung von nicht ausdr\u00fccklich angeforderten Informationen ist nicht gestattet. Rechtliche Schritte gegen die Versender von sogenannten Spam-Mails bei Verst\u00f6\u00dfen gegen dieses Verbot sind ausdr\u00fccklich vorbehalten.<\/p><h3>5. Rechtswirksamkeit dieses Haftungsausschlusses<\/h3><p>Dieser Haftungsausschluss ist als Teil des Internetangebotes zu betrachten, von dem aus auf diese Seite verwiesen wurde. Sofern Teile oder einzelne Formulierungen dieses Textes der geltenden Rechtslage nicht, nicht mehr oder nicht vollst\u00e4ndig entsprechen sollten, bleiben die \u00fcbrigen Teile des Dokumentes in ihrem Inhalt und ihrer G\u00fcltigkeit davon unber\u00fchrt.<\/p><\/div><\/div><\/div><\/div><\/div><\/div>\t\t\t\t\t\t<\/div>\n\t\t\t\t<\/div>\n\t\t\t\t\t<\/div>\n\t\t\t\t<\/div>\n\t\t<div class=\"elementor-element elementor-element-639e335 e-flex e-con-boxed e-con e-parent\" data-id=\"639e335\" data-element_type=\"container\" data-settings=\"{&quot;content_width&quot;:&quot;boxed&quot;}\" data-core-v316-plus=\"true\">\n\t\t\t\t\t<div class=\"e-con-inner\">\n\t\t\t\t<div class=\"elementor-element elementor-element-ac206cd elementor-widget elementor-widget-text-editor\" data-id=\"ac206cd\" data-element_type=\"widget\" data-widget_type=\"text-editor.default\">\n\t\t\t\t<div class=\"elementor-widget-container\">\n\t\t\t\t\t\t\t<div class=\"single-content\"><div class=\"vc_row wpb_row vc_row-fluid vc_row\"><div class=\"wpb_column vc_column_container vc_col-sm-12 vc_column\"><div class=\"vc_column-inner\"><div class=\"wpb_wrapper\"><div class=\"wpb_text_column wpb_content_element  vc_column_text\"><div class=\"wpb_wrapper\"><p>Diese Datenschutzerkl\u00e4rung kl\u00e4rt die Nutzer von <strong>www.sigma-investition.de<\/strong> \u00fcber die Art, den Umfang und Zweck der Erhebung und Verwendung personenbezogener Daten auf. Die rechtlichen Grundlagen des Datenschutzes finden sich im <a href=\"https:\/\/dsgvo-gesetz.de\/bdsg-neu\/\">Bundesdatenschutzgesetz (BDSG-neu)<\/a>, der <a href=\"https:\/\/dsgvo-gesetz.de\/\">Datenschutz-Grundverordnung (EU-DSGVO)<\/a> und dem <a href=\"https:\/\/www.gesetze-im-internet.de\/tmg\/\">Telemediengesetz (TMG)<\/a>.<\/p><h3 id=\"allgemeines\">Allgemeines<\/h3><p>Die Betreiber von\u00a0<strong>www.sigma-investition.de<\/strong> halten sich an die gesetzlichen Vorschriften zum Datenschutz und respektieren die Privatsph\u00e4re der Nutzer.<\/p><ul><li>S\u00e4mtliche erfassten Daten werden nach aktuellem Stand der Technik sowie nach bestem Wissen und Gewissen gespeichert und abgesichert.<\/li><li>Keinerlei personenbezogene Daten werden an Dritte weitergeleitet.<\/li><li>Bei Nutzung von <strong>www.sigma-investition.de<\/strong> werden keinerlei Anfragen an externe Server von Dritten gesendet. Falls im Einzelfall Anfragen an externe Server stattfinden m\u00fcssen, wird der Nutzer vorab darauf hingewiesen und muss dies explizit best\u00e4tigen (sogenanntes <a href=\"https:\/\/de.wikipedia.org\/wiki\/Opt-in\">Opt-In<\/a>). Die IP-Adressen der Nutzer bleiben damit bestm\u00f6glich vor der Erfassung durch Dritte gesch\u00fctzt.<\/li><\/ul><h3 id=\"personenbezogene-daten\">Personenbezogene Daten<\/h3><p>Personenbezogene Daten sind Informationen, mit deren Hilfe eine Person bestimmbar ist, also Angaben, die zur\u00fcck zu einer Person verfolgt werden k\u00f6nnen. Dazu geh\u00f6ren der Name, die E-Mailadresse, die Telefonnummer oder die IP-Adresse.<\/p><p>Personenbezogene Daten werden vom Betreiber nur dann erhoben und genutzt, wenn dies f\u00fcr den Betrieb von <strong>www.sigma-investition.de<\/strong> notwendig ist, gesetzlich erlaubt ist und die Nutzer in die Datenerhebung einwilligen.<\/p><h3 id=\"nutzerdaten\">Nutzerdaten<\/h3><p>Die im Rahmen der Kontaktaufnahme eingegebenen Daten werden einzig f\u00fcr die Zwecke der Nutzung von <strong>www.sigma-investition.de<\/strong> verwendet. Die erhobenen Daten sind aus der Eingabemaske des Kontaktformulars ersichtlich. Dazu geh\u00f6ren insbesondere Name, Anschrift, Firmenname, E-Mailadresse, Telefonnummer.<\/p><p>Die Nutzer k\u00f6nnen \u00fcber angebots- oder registrierungsrelevante Informationen, wie \u00c4nderungen des Angebotsumfangs oder technische Umst\u00e4nde per E-Mail informiert werden.<\/p><h3 id=\"kontaktaufnahme\">Kontaktaufnahme<\/h3><p>Bei der Kontaktaufnahme mit dem Betreiber werden die Angaben des Nutzers zwecks Bearbeitung der Anfrage sowie f\u00fcr den Fall, dass Anschlussfragen entstehen, gespeichert.<\/p><p>Bei Anfragen von nicht angemeldeten Nutzern wird dar\u00fcber hinaus die IP-Adresse sowie die Kennung der verwendeten Software (sogenannter \u201eUser-Agent\u201c) \u00fcbermittelt. Diese Informationen dienen der Erkennung und Abwehr eines potentiellen Missbrauchs (insbesondere <a href=\"https:\/\/de.wikipedia.org\/wiki\/Spam\">Spam<\/a>).<\/p><h3 id=\"kommentare-und-beitr\u00e4ge\">Kommentare und Beitr\u00e4ge<\/h3><p>Nur angemeldete Nutzer k\u00f6nnen Kommentare oder Beitr\u00e4ge verfassen. Dabei werden keine IP-Adressen gespeichert. Eine Zuordnung des Verfassers erfolgt einzig \u00fcber das jeweils verwendete Nutzerkonto.<\/p><h3 id=\"youtube-videos\">YouTube-Videos<\/h3><p>Auf einzelnen Seiten von <strong>www.sigma-investition.de<\/strong> k\u00f6nnen Videos eingebettet sein, die auf der Video-Plattform <a href=\"https:\/\/www.youtube.com\/\">YouTube<\/a> (geh\u00f6rig zur <a href=\"https:\/\/www.youtube.com\/t\/impressum\">YouTube LLC<\/a>, Tochterunternehmen von Google, ans\u00e4ssig in San Bruno, Kalifornien, USA) ver\u00f6ffentlicht wurden. Zur Kenntlichmachung wird unterhalb der betreffenden Videos ein Hinweis auf YouTube dargestellt.<\/p><p>Sobald ein Nutzer eine Seite von <strong>www.sigma-investition.de<\/strong> mit einem YouTube-Video besucht und dieses Video durch einen Klick startet, wird eine Verbindung zu den Servern von YouTube aufgebaut.<\/p><ul><li>Dabei wird dem YouTube-Server die IP-Adresse des Nutzers \u00fcbermittelt und welche spezielle Seite von <strong>www.sigma-investition.de<\/strong> besucht wurde.<\/li><li>Wenn dar\u00fcber hinaus der Nutzer mit seinem YouTube-Benutzerkonto angemeldet ist, kann YouTube das Surfverhalten mit dem YouTube-Benutzerkonto verkn\u00fcpfen. Diese Art der Zuordnung kann umgangen werden, wenn man sich vor dem Abspielen des Videos aus seinem YouTube-Benutzerkonto abmeldet.<\/li><\/ul><p>Weitere Informationen zur Erhebung und Nutzung personenbezogener Daten durch YouTube k\u00f6nnen der <a href=\"https:\/\/www.google.de\/intl\/de\/policies\/privacy\/\">Datenschutzerkl\u00e4rung von Google<\/a> entnommen werden.<\/p><h3 id=\"cookies\">Cookies<\/h3><p>Sogenannte <a href=\"https:\/\/de.wikipedia.org\/wiki\/HTTP-Cookie\">Cookies<\/a> sind kleine Dateien, die es erm\u00f6glichen, auf dem Zugriffsger\u00e4t der Nutzer (PC, Smartphone o.\u00e4.) spezifische, auf das Ger\u00e4t bezogene Informationen zu speichern. Sie dienen der Benutzerfreundlichkeit von Webseiten und damit den Nutzern (z.B. Speicherung von Logindaten).<\/p><p>F\u00fcr einen anonymen Zugriff auf <strong>www.sigma-investition.de<\/strong> werden Cookies nicht zwingend ben\u00f6tigt. Jedoch sind Cookies f\u00fcr den Zugriff auf den gesch\u00fctzten Bereich von <strong>www.sigma-investition.de<\/strong> sowie zur Nutzung der Formulare (Kontakt, Registrierung, Login, etc.) zwingend notwendig.<\/p><p>Die Nutzer k\u00f6nnen auf den Einsatz der Cookies Einfluss nehmen. Die meisten Browser verf\u00fcgen \u00fcber eine Option, mit der das Speichern von Cookies eingeschr\u00e4nkt oder komplett verhindert werden kann.<\/p><h3 id=\"nutzungsstatistiken\">Nutzungsstatistiken<\/h3><p>Zum Zwecke der Angebotsoptimierung wird die Nutzung von <strong>www.sigma-investition.de<\/strong> mit der Software GoogleAnalytics statistisch ausgewertet.<\/p><p>GoogleAnalytics verwendet sogenannte <a href=\"https:\/\/de.wikipedia.org\/wiki\/HTTP-Cookie\">Cookies<\/a>, Textdateien, die auf dem Computer der Nutzer gespeichert werden und die eine Analyse der Benutzung der Website erm\u00f6glichen. Die durch das Cookie erzeugten Informationen \u00fcber die Benutzung von OpenEstate.org werden ausschlie\u00dflich auf dem Server des Betreibers gespeichert und nicht an Dritte weitergegeben.<\/p><p>Die IP-Adresse wird sofort nach der Verarbeitung und vor deren Speicherung anonymisiert. Nutzer k\u00f6nnen die statistische Auswertung durch eine entsprechende Einstellung ihrer Browser-Software verhindern (siehe <a href=\"https:\/\/de.wikipedia.org\/wiki\/Do_Not_Track_(Software)\">\u201eDo not track\u201c<\/a>).<\/p><h3 id=\"server-logfiles\">Server-Logfiles<\/h3><p>Der Betreiber von <strong>www.sigma-investition.de<\/strong> erhebt Daten \u00fcber jeden Zugriff auf das Angebot (sogenannte Server-Logfiles). Zu den Zugriffsdaten geh\u00f6ren:<\/p><ul><li>IP-Adresse<\/li><li>Zeitpunkt des Abrufs<\/li><li>Adresse der angeforderten Seite<\/li><li>\u00fcbertragene Datenmenge<\/li><li>Meldung \u00fcber erfolgreichen Abruf<\/li><\/ul><p>Der Betreiber verwendet die Protokolldaten zur Erkennung und Beseitigung von St\u00f6rungen (insbesondere zur Abwehr von <a href=\"https:\/\/de.wikipedia.org\/wiki\/Spam\">Spam<\/a> und <a href=\"https:\/\/de.wikipedia.org\/wiki\/Denial_of_Service\">DOS-Angriffen<\/a>). Der Betreiber beh\u00e4lt sich jedoch vor, die Protokolldaten nachtr\u00e4glich zu \u00fcberpr\u00fcfen, wenn aufgrund konkreter Anhaltspunkte der berechtigte Verdacht einer rechtswidrigen Nutzung besteht.<\/p><p>Die Server-Logfiles werden nach sieben Tagen automatisch gel\u00f6scht.<\/p><h3 id=\"rechtsbelehrung\">Rechtsbelehrung<\/h3><p>Jeder Nutzer kann die folgenden Rechte in Bezug auf die Speicherung seiner personenbezogenen Daten aus\u00fcben:<\/p><ul><li>Der Nutzer kann jederzeit und ohne Angabe von Gr\u00fcnden den <strong>Widerruf<\/strong> seiner Einwilligung zur Speicherung und Verarbeitung personenbezogener Daten aussprechen.<\/li><li>Der Nutzer hat das Recht, <strong>Auskunft<\/strong> \u00fcber seine personenbezogenen Daten zu erhalten (siehe <a href=\"https:\/\/dsgvo-gesetz.de\/art-15-dsgvo\/\">Art. 15 DSGVO<\/a> und <a href=\"https:\/\/dsgvo-gesetz.de\/bdsg-neu\/34-bdsg-neu\/\">\u00a7 34 BDSG (neu)<\/a>).<\/li><li>Der Nutzer hat das Recht, die <strong>Berichtigung<\/strong> und <strong>Erg\u00e4nzung<\/strong> seiner personenbezogenen Daten zu verlangen (siehe <a href=\"https:\/\/dsgvo-gesetz.de\/art-16-dsgvo\/\">Art. 16 DSGVO<\/a>).<\/li><li>Der Nutzer hat das Recht, die <strong>L\u00f6schung<\/strong> seiner personenbezogenen Daten zu veranlassen, soweit dem keine gesetzliche Aufbewahrungspflicht entgegensteht (siehe <a href=\"https:\/\/dsgvo-gesetz.de\/art-17-dsgvo\/\">Art. 17 DSGVO<\/a> und <a href=\"https:\/\/dsgvo-gesetz.de\/bdsg-neu\/35-bdsg-neu\/\">\u00a7 35 BDSG (neu)<\/a>). Erfasste Daten, die f\u00fcr den Betrieb von <strong>www.sigma-investition.de<\/strong> ben\u00f6tigt werden (z.B. ver\u00f6ffentlichte Beitr\u00e4ge) werden n\u00f6tigenfalls anonymisiert.<\/li><li>Der Nutzer kann vom Betreiber die <strong>Einschr\u00e4nkung der Verarbeitung<\/strong> seiner personenbezogenen Daten unter den in <a href=\"https:\/\/dsgvo-gesetz.de\/art-18-dsgvo\/\">Art. 18 Abs. 1 DSGVO<\/a> genannten Voraussetzungen verlangen.<\/li><li>Der Nutzer hat das Recht auf <strong>Mitteilung durch den Betreiber<\/strong> im Falle von Berichtigung, L\u00f6schung oder Einschr\u00e4nkung der Verarbeitung personenbezogener Daten (siehe <a href=\"https:\/\/dsgvo-gesetz.de\/art-19-dsgvo\/\">Art. 19 DSGVO<\/a>).<\/li><li>Der Nutzer hat das Recht auf <strong>Daten\u00fcbertragbarkeit<\/strong> (siehe <a href=\"https:\/\/dsgvo-gesetz.de\/art-20-dsgvo\/\">Art. 20 DSGVO<\/a>). Mangels entsprechender Standards zur Daten\u00fcbertragung ist es dem Betreiber von <strong>www.sigma-investition.de<\/strong> derzeit jedoch nicht m\u00f6glich, diesem Recht in praxistauglicher und kostenneutraler Form nachzukommen. Gegen ein Bearbeitungsentgelt h\u00e4ndigt der Betreiber die erfassten Daten eines Nutzers in maschinenlesbarer Form aus. Eine Weiterverwendbarkeit dieser Daten bei anderen Anbietern kann vom Betreiber jedoch nicht garantiert werden.<\/li><li>Der Nutzer kann jederzeit <strong>Widerspruch<\/strong> gegen die Speicherung und Verarbeitung seiner personenbezogenen Daten einlegen (siehe <a href=\"https:\/\/dsgvo-gesetz.de\/art-21-dsgvo\/\">Art. 21 DSGVO<\/a> und <a href=\"https:\/\/dsgvo-gesetz.de\/bdsg-neu\/36-bdsg-neu\/\">\u00a7 36 BDSG (neu)<\/a>).<\/li><\/ul><p>Funktionen f\u00fcr automatisierte Entscheidungen (bzw. Profiling) werden bei <strong>www.sigma-investition.de<\/strong> nicht genutzt. Die damit verbundenen Anforderungen an den Betreiber aus <a href=\"https:\/\/dsgvo-gesetz.de\/art-22-dsgvo\/\">Art. 22 DSGVO<\/a> entfallen damit.<\/p><h3 id=\"ansprechpartner\">Ansprechpartner<\/h3><p>In s\u00e4mtlichen Fragen zur Speicherung und Verarbeitung von personenbezogenen Daten kann sich an den Betreiber von <strong>www.sigma-investition.de<\/strong> gewandt werden:<\/p><blockquote><p>SIGMA Investitions GmbH<br \/>Breslauer Stra\u00dfe 39<br \/>04299 Leipzig<\/p><p>Mail: datenschutz@sigma-investition.de<br \/>Fon: +49 (0)341 . 124 73 83<\/p><\/blockquote><\/div><\/div><\/div><\/div><\/div><\/div><\/div>\t\t\t\t\t\t<\/div>\n\t\t\t\t<\/div>\n\t\t\t\t\t<\/div>\n\t\t\t\t<\/div>\n\t\t\t\t\t\t\t<\/div>\n\t\t","protected":false},"excerpt":{"rendered":"<p>Datenschutz \/ Disclaimer 1. Inhalt des Onlineangebotes Der Autor \u00fcbernimmt keinerlei Gew\u00e4hr f\u00fcr die Aktualit\u00e4t, Korrektheit, Vollst\u00e4ndigkeit oder Qualit\u00e4t der bereitgestellten Informationen. Haftungsanspr\u00fcche gegen den Autor,<span class=\"excerpt-hellip\"> [\u2026]<\/span><\/p>\n","protected":false},"author":1,"featured_media":0,"parent":0,"menu_order":0,"comment_status":"closed","ping_status":"closed","template":"","meta":{"footnotes":""},"class_list":["post-474","page","type-page","status-publish","hentry"],"_links":{"self":[{"href":"http:\/\/sigma-investition.de\/index.php?rest_route=\/wp\/v2\/pages\/474","targetHints":{"allow":["GET"]}}],"collection":[{"href":"http:\/\/sigma-investition.de\/index.php?rest_route=\/wp\/v2\/pages"}],"about":[{"href":"http:\/\/sigma-investition.de\/index.php?rest_route=\/wp\/v2\/types\/page"}],"author":[{"embeddable":true,"href":"http:\/\/sigma-investition.de\/index.php?rest_route=\/wp\/v2\/users\/1"}],"replies":[{"embeddable":true,"href":"http:\/\/sigma-investition.de\/index.php?rest_route=%2Fwp%2Fv2%2Fcomments&post=474"}],"version-history":[{"count":4,"href":"http:\/\/sigma-investition.de\/index.php?rest_route=\/wp\/v2\/pages\/474\/revisions"}],"predecessor-version":[{"id":479,"href":"http:\/\/sigma-investition.de\/index.php?rest_route=\/wp\/v2\/pages\/474\/revisions\/479"}],"wp:attachment":[{"href":"http:\/\/sigma-investition.de\/index.php?rest_route=%2Fwp%2Fv2%2Fmedia&parent=474"}],"curies":[{"name":"wp","href":"https:\/\/api.w.org\/{rel}","templated":true}]}}